{"id":5938,"date":"2024-10-11T06:45:55","date_gmt":"2024-10-11T04:45:55","guid":{"rendered":"https:\/\/dev.dobersek.com\/imprint\/"},"modified":"2025-06-03T15:26:43","modified_gmt":"2025-06-03T13:26:43","slug":"imprint","status":"publish","type":"page","link":"https:\/\/www.dobersek.com\/en\/imprint\/","title":{"rendered":"Imprint"},"content":{"rendered":"\t\t<div data-elementor-type=\"wp-page\" data-elementor-id=\"5938\" class=\"elementor elementor-5938 elementor-26\" data-elementor-post-type=\"page\">\n\t\t\t\t<div class=\"elementor-element elementor-element-43d68d4 e-flex e-con-boxed elementor-invisible e-con e-parent\" data-id=\"43d68d4\" data-element_type=\"container\" data-e-type=\"container\" data-settings=\"{&quot;animation&quot;:&quot;fadeInUp&quot;}\">\n\t\t\t\t\t<div class=\"e-con-inner\">\n\t\t<div class=\"elementor-element elementor-element-edce43e e-con-full e-flex e-con e-child\" data-id=\"edce43e\" data-element_type=\"container\" data-e-type=\"container\">\n\t\t\t\t<div class=\"elementor-element elementor-element-325ada3 elementor-widget-mobile__width-inherit elementor-widget elementor-widget-ucaddon_gradient_text_effect\" data-id=\"325ada3\" data-element_type=\"widget\" data-e-type=\"widget\" data-widget_type=\"ucaddon_gradient_text_effect.default\">\n\t\t\t\t<div class=\"elementor-widget-container\">\n\t\t\t\t\t\n<!-- start Gradient Text Effect -->\n<style>\/* widget: Gradient Text Effect *\/\n\n#uc_gradient_text_effect_elementor_325ada3 .ue_gradient_text{\n  color: #248DD8;\n  overflow: visible;\n}\n\n@supports ((background-clip: text) or (-webkit-background-clip: text)) and ((text-fill-color: transparent) or (-webkit-text-fill-color: transparent)) {\n  #uc_gradient_text_effect_elementor_325ada3 .ue_gradient_text{\n    background-image: linear-gradient(\n      90deg,\n      #248DD8 0%,\n      #62BFBA 100%\n    );\n    background-size: cover;\n    -webkit-background-clip: text;\n    background-clip: text;\n    -webkit-text-fill-color: transparent;\n    text-fill-color: transparent;\n    display:inline-block;\n    \n    \n  }\n  #uc_gradient_text_effect_elementor_325ada3 .ue_gradient_text::selection {\n    -webkit-text-fill-color: #474747;\n  }\n  \n  @media only screen and (min-width: 768px) and (max-width: 1024px) {\n    #uc_gradient_text_effect_elementor_325ada3 .ue_gradient_text{\n    \tline-height:1.1 !important;\n    }\n  }\n}\n\n<\/style>\n\n<div id=\"uc_gradient_text_effect_elementor_325ada3\" class=\"ue-text\">\n  <span class=\"ue_beginning_text\"> <\/span> \n  <span class=\"ue_gradient_text\"> Imprint <\/span>\n  <span class=\"ue_ending_text\">  <\/span>\n<\/div>\n<!-- end Gradient Text Effect -->\t\t\t\t<\/div>\n\t\t\t\t<\/div>\n\t\t\t\t<\/div>\n\t\t<div class=\"elementor-element elementor-element-d0d2b61 e-con-full e-flex e-con e-child\" data-id=\"d0d2b61\" data-element_type=\"container\" data-e-type=\"container\">\n\t\t\t\t<div class=\"elementor-element elementor-element-c20c324 arrow-list elementor-widget elementor-widget-text-editor\" data-id=\"c20c324\" data-element_type=\"widget\" data-e-type=\"widget\" data-widget_type=\"text-editor.default\">\n\t\t\t\t<div class=\"elementor-widget-container\">\n\t\t\t\t\t\t\t\t\t<p class=\"text-uppercase\"><b>Responsible for the content of the website<br>ENGINEERING DOBERSEK GMBH<\/b><\/p>\t\t\t\t\t\t\t\t<\/div>\n\t\t\t\t<\/div>\n\t\t\t\t<div class=\"elementor-element elementor-element-f6a88a1 arrow-list elementor-widget elementor-widget-text-editor\" data-id=\"f6a88a1\" data-element_type=\"widget\" data-e-type=\"widget\" data-widget_type=\"text-editor.default\">\n\t\t\t\t<div class=\"elementor-widget-container\">\n\t\t\t\t\t\t\t\t\t<p>Vorster Stra\u00dfe 493<br>41169 M\u00f6nchengladbach<br>Phone +49 2161 &#8211; 90108-0<br>Fax +49 2161 &#8211; 90108-20 <br><a title=\"ENGINEERING DOBERSEK Contact\">info(at)dobersek.com<\/a><\/p><p>Registered office of the company: M\u00f6nchengladbach, Germany<\/p><p class=\"style1\">ENGINEERING DOBERSEK GmbH is a company under German law with its head office in M\u00f6nchengladbach.<br>Commercial register number: HRB3702<br>Register court: M\u00f6nchengladbach Local Court<\/p><p class=\"style1\">VAT ID No.:DE 120493479<\/p><p>Shareholder:<\/p><p>Tatjana Dobersek<br>Dr.-Ing. Albin Dobersek<\/p><p>Managing Director:<\/p><p>Natalija Dobersek, Managing Director Finance &amp; Administration<br>Jakob Gazembiler, Managing Director Sales &amp; Technology<\/p><p>Contact of the data protection officer:<br>Markus Kreder<br>Lannerstr. 22<br>41189 M\u00f6nchengladbach <br><a title=\"Data Protection Officer\">datenschutz(at)dobersek.com<\/a><\/p>\t\t\t\t\t\t\t\t<\/div>\n\t\t\t\t<\/div>\n\t\t\t\t<\/div>\n\t\t\t\t\t<\/div>\n\t\t\t\t<\/div>\n\t\t\t\t<\/div>\n\t\t","protected":false},"excerpt":{"rendered":"<p>Imprint Responsible for the content of the websiteENGINEERING DOBERSEK GMBH Vorster Stra\u00dfe 49341169 M\u00f6nchengladbachPhone +49 2161 &#8211; 90108-0Fax +49 2161 &#8211; 90108-20 info(at)dobersek.com Registered office of the company: M\u00f6nchengladbach, Germany ENGINEERING DOBERSEK GmbH is a company under German law with its head office in M\u00f6nchengladbach.Commercial register number: HRB3702Register court: M\u00f6nchengladbach Local Court VAT ID No.:DE [&hellip;]<\/p>\n","protected":false},"author":1,"featured_media":0,"parent":0,"menu_order":0,"comment_status":"closed","ping_status":"closed","template":"","meta":{"_acf_changed":false,"footnotes":""},"class_list":["post-5938","page","type-page","status-publish","hentry"],"acf":[],"yoast_head":"<!-- This site is optimized with the Yoast SEO Premium plugin v27.0 (Yoast SEO v27.0) - https:\/\/yoast.com\/product\/yoast-seo-premium-wordpress\/ -->\n<title>Imprint - Engineering Dobersek<\/title>\n<meta name=\"robots\" content=\"index, follow, max-snippet:-1, max-image-preview:large, max-video-preview:-1\" \/>\n<link rel=\"canonical\" href=\"https:\/\/www.dobersek.com\/impressum\/\" \/>\n<meta property=\"og:locale\" content=\"en_US\" \/>\n<meta property=\"og:type\" content=\"article\" \/>\n<meta property=\"og:title\" content=\"Imprint\" \/>\n<meta property=\"og:description\" content=\"Imprint Responsible for the content of the websiteENGINEERING DOBERSEK GMBH Vorster Stra\u00dfe 49341169 M\u00f6nchengladbachPhone +49 2161 &#8211; 90108-0Fax +49 2161 &#8211; 90108-20 info(at)dobersek.com Registered office of the company: M\u00f6nchengladbach, Germany ENGINEERING DOBERSEK GmbH is a company under German law with its head office in M\u00f6nchengladbach.Commercial register number: HRB3702Register court: M\u00f6nchengladbach Local Court VAT ID No.:DE [&hellip;]\" \/>\n<meta property=\"og:url\" content=\"https:\/\/www.dobersek.com\/impressum\/\" \/>\n<meta property=\"og:site_name\" content=\"Engineering Dobersek\" \/>\n<meta property=\"article:modified_time\" content=\"2025-06-03T13:26:43+00:00\" \/>\n<meta name=\"twitter:card\" content=\"summary_large_image\" \/>\n<script type=\"application\/ld+json\" class=\"yoast-schema-graph\">{\"@context\":\"https:\/\/schema.org\",\"@graph\":[{\"@type\":\"WebPage\",\"@id\":\"https:\/\/www.dobersek.com\/impressum\/\",\"url\":\"https:\/\/www.dobersek.com\/impressum\/\",\"name\":\"Imprint - Engineering Dobersek\",\"isPartOf\":{\"@id\":\"https:\/\/www.dobersek.com\/#website\"},\"datePublished\":\"2024-10-11T04:45:55+00:00\",\"dateModified\":\"2025-06-03T13:26:43+00:00\",\"breadcrumb\":{\"@id\":\"https:\/\/www.dobersek.com\/impressum\/#breadcrumb\"},\"inLanguage\":\"en-US\",\"potentialAction\":[{\"@type\":\"ReadAction\",\"target\":[\"https:\/\/www.dobersek.com\/impressum\/\"]}]},{\"@type\":\"BreadcrumbList\",\"@id\":\"https:\/\/www.dobersek.com\/impressum\/#breadcrumb\",\"itemListElement\":[{\"@type\":\"ListItem\",\"position\":1,\"name\":\"Startseite\",\"item\":\"https:\/\/www.dobersek.com\/\"},{\"@type\":\"ListItem\",\"position\":2,\"name\":\"Imprint\"}]},{\"@type\":\"WebSite\",\"@id\":\"https:\/\/www.dobersek.com\/#website\",\"url\":\"https:\/\/www.dobersek.com\/\",\"name\":\"Engineering Dobersek\",\"description\":\"Von der Teilanlage zur schl\u00fcsselfertigen Gesamtanlage\",\"potentialAction\":[{\"@type\":\"SearchAction\",\"target\":{\"@type\":\"EntryPoint\",\"urlTemplate\":\"https:\/\/www.dobersek.com\/?s={search_term_string}\"},\"query-input\":{\"@type\":\"PropertyValueSpecification\",\"valueRequired\":true,\"valueName\":\"search_term_string\"}}],\"inLanguage\":\"en-US\"}]}<\/script>\n<!-- \/ Yoast SEO Premium plugin. -->","yoast_head_json":{"title":"Imprint - Engineering Dobersek","robots":{"index":"index","follow":"follow","max-snippet":"max-snippet:-1","max-image-preview":"max-image-preview:large","max-video-preview":"max-video-preview:-1"},"canonical":"https:\/\/www.dobersek.com\/impressum\/","og_locale":"en_US","og_type":"article","og_title":"Imprint","og_description":"Imprint Responsible for the content of the websiteENGINEERING DOBERSEK GMBH Vorster Stra\u00dfe 49341169 M\u00f6nchengladbachPhone +49 2161 &#8211; 90108-0Fax +49 2161 &#8211; 90108-20 info(at)dobersek.com Registered office of the company: M\u00f6nchengladbach, Germany ENGINEERING DOBERSEK GmbH is a company under German law with its head office in M\u00f6nchengladbach.Commercial register number: HRB3702Register court: M\u00f6nchengladbach Local Court VAT ID No.:DE [&hellip;]","og_url":"https:\/\/www.dobersek.com\/impressum\/","og_site_name":"Engineering Dobersek","article_modified_time":"2025-06-03T13:26:43+00:00","twitter_card":"summary_large_image","schema":{"@context":"https:\/\/schema.org","@graph":[{"@type":"WebPage","@id":"https:\/\/www.dobersek.com\/impressum\/","url":"https:\/\/www.dobersek.com\/impressum\/","name":"Imprint - Engineering Dobersek","isPartOf":{"@id":"https:\/\/www.dobersek.com\/#website"},"datePublished":"2024-10-11T04:45:55+00:00","dateModified":"2025-06-03T13:26:43+00:00","breadcrumb":{"@id":"https:\/\/www.dobersek.com\/impressum\/#breadcrumb"},"inLanguage":"en-US","potentialAction":[{"@type":"ReadAction","target":["https:\/\/www.dobersek.com\/impressum\/"]}]},{"@type":"BreadcrumbList","@id":"https:\/\/www.dobersek.com\/impressum\/#breadcrumb","itemListElement":[{"@type":"ListItem","position":1,"name":"Startseite","item":"https:\/\/www.dobersek.com\/"},{"@type":"ListItem","position":2,"name":"Imprint"}]},{"@type":"WebSite","@id":"https:\/\/www.dobersek.com\/#website","url":"https:\/\/www.dobersek.com\/","name":"Engineering Dobersek","description":"Von der Teilanlage zur schl\u00fcsselfertigen Gesamtanlage","potentialAction":[{"@type":"SearchAction","target":{"@type":"EntryPoint","urlTemplate":"https:\/\/www.dobersek.com\/?s={search_term_string}"},"query-input":{"@type":"PropertyValueSpecification","valueRequired":true,"valueName":"search_term_string"}}],"inLanguage":"en-US"}]}},"_links":{"self":[{"href":"https:\/\/www.dobersek.com\/en\/wp-json\/wp\/v2\/pages\/5938","targetHints":{"allow":["GET"]}}],"collection":[{"href":"https:\/\/www.dobersek.com\/en\/wp-json\/wp\/v2\/pages"}],"about":[{"href":"https:\/\/www.dobersek.com\/en\/wp-json\/wp\/v2\/types\/page"}],"author":[{"embeddable":true,"href":"https:\/\/www.dobersek.com\/en\/wp-json\/wp\/v2\/users\/1"}],"replies":[{"embeddable":true,"href":"https:\/\/www.dobersek.com\/en\/wp-json\/wp\/v2\/comments?post=5938"}],"version-history":[{"count":3,"href":"https:\/\/www.dobersek.com\/en\/wp-json\/wp\/v2\/pages\/5938\/revisions"}],"predecessor-version":[{"id":9649,"href":"https:\/\/www.dobersek.com\/en\/wp-json\/wp\/v2\/pages\/5938\/revisions\/9649"}],"wp:attachment":[{"href":"https:\/\/www.dobersek.com\/en\/wp-json\/wp\/v2\/media?parent=5938"}],"curies":[{"name":"wp","href":"https:\/\/api.w.org\/{rel}","templated":true}]}}